{"id":491,"date":"2020-09-04T22:56:24","date_gmt":"2020-09-04T22:56:24","guid":{"rendered":"https:\/\/colorim.com\/web\/?page_id=491"},"modified":"2020-09-04T23:12:57","modified_gmt":"2020-09-04T23:12:57","slug":"aviso-de-privacidad","status":"publish","type":"page","link":"https:\/\/colorim.com\/web\/?page_id=491","title":{"rendered":"AVISO DE PRIVACIDAD"},"content":{"rendered":"\n<h2 class=\"wp-block-heading\"><strong>AVISO DE PRIVACIDAD<\/strong><\/h2>\n\n\n\n<p>De acuerdo a lo previsto en la \u201cLey Federal de Protecci\u00f3n de Datos Personales\u201d, declara <strong>Colorantes Importados, SA de CV, CIM581206CI9 <\/strong>ser persona moral con domicilio en Calle Diez No. 20, Col. San Pedro de los Pinos, Del. \u00c1lvaro Obreg\u00f3n, CP 01180, M\u00e9xico DF y como responsable del tratamiento de sus datos personales, hace de su conocimiento que la informaci\u00f3n de nuestros clientes, proveedores y empleados es tratada de forma estrictamente confidencial por lo que al proporcionar sus datos personales, tales como:<\/p>\n\n\n\n<ul class=\"wp-block-list\"><li>Nombre y\/o Raz\u00f3n Social<\/li><li>Datos personales<\/li><li>Domicilio<\/li><li>Direcci\u00f3n Fiscal<\/li><li>Direcci\u00f3n de Consignaci\u00f3n<\/li><li>Registro Federal de Contribuyentes<\/li><li>N\u00famero(s) Telef\u00f3nico(s) Hogar, Oficina, M\u00f3viles<\/li><li>Correo Electr\u00f3nico<\/li><\/ul>\n\n\n\n<p>Estos ser\u00e1n utilizados \u00fanica y exclusivamente para los siguientes fines:<\/p>\n\n\n\n<ul class=\"wp-block-list\"><li>Informaci\u00f3n y Prestaci\u00f3n de Servicios y\/o asuntos laborales&nbsp;&nbsp;<\/li><li>Actualizaci\u00f3n de Base de Datos<\/li><li>Facturaci\u00f3n<\/li><li>Entrega de Productos y Promociones<\/li><li>Visita Agente de Ventas y Promotores<\/li><li>Cobranza<\/li><li>Cualquier finalidad an\u00e1loga o compatible con las anteriores<\/li><\/ul>\n\n\n\n<p>Para prevenir el acceso no autorizado a sus datos personales y con el fin de asegurar que la informaci\u00f3n sea utilizada para los fines establecidos en \u00e9ste aviso, hemos establecido diversos procedimientos con la finalidad de evitar el uso o divulgaci\u00f3n no autorizados de sus datos, permiti\u00e9ndonos tratarlos debidamente.<\/p>\n\n\n\n<p>As\u00ed mismo, le informamos que sus datos personales no pueden ser transmitidos para ser tratados por personas distintas a \u00e9sta empresa.<\/p>\n\n\n\n<p>Todos sus datos son tratados de acuerdo a la legislaci\u00f3n aplicable y vigente en el pa\u00eds, por ello le informamos que usted tiene todo momento los derechos de acceder, rectificar, cancelar u oponerse al tratamiento que le damos a sus datos personales; derecho que podr\u00e1 hacer valer a trav\u00e9s del \u00c1rea de Privacidad, Departamento de Cr\u00e9dito y Cobranza, Ventas, Compras, Contabilidad, Sistemas, Recursos Humanos y\/o encargada de la seguridad de datos personales al tel\u00e9fono (0155) 9149 5500 o por medio de los siguientes correos: <a href=\"mailto:brenda.chavarin@colorim.com.mx\">brenda.chavarin@colorim.com.mx<\/a>, <a href=\"mailto:rhumanos.iasa@colori.com.mx\">rhumanos.iasa@colori.com.mx<\/a>, <a href=\"mailto:maryramirez@colorim.com.mx\">maryramirez@colorim.com.mx<\/a><\/p>\n\n\n\n<p>A trav\u00e9s de estos canales usted podr\u00e1 actualizar sus datos y especificar el medio por el cual desea recibir informaci\u00f3n, ya que en caso de no contar con \u00e9sta especificaci\u00f3n de su parte, Colorantes Importados, SA de CV, establecer\u00e1 libremente el canal que considere pertinente para enviarle informaci\u00f3n.<\/p>\n\n\n\n<p>\u00c9ste aviso de privacidad podr\u00e1 ser modificado por Colorantes Importados SA de CV, dichas modificaciones ser\u00e1n oportunamente informadas a trav\u00e9s de correo electr\u00f3nico, tel\u00e9fono o cualquier otro medio de comunicaci\u00f3n que determine para tal efecto.<\/p>\n\n\n\n<p>Atentamente<\/p>\n\n\n\n<p>Colorantes Importados SA de CV<\/p>\n","protected":false},"excerpt":{"rendered":"<p>AVISO DE PRIVACIDAD De acuerdo a lo previsto en la \u201cLey Federal de Protecci\u00f3n de Datos Personales\u201d, declara Colorantes Importados, SA de CV, CIM581206CI9 ser persona<span class=\"excerpt-hellip\"> [\u2026]<\/span><\/p>\n","protected":false},"author":1,"featured_media":0,"parent":0,"menu_order":0,"comment_status":"closed","ping_status":"closed","template":"","meta":{"footnotes":""},"class_list":["post-491","page","type-page","status-publish","hentry"],"_links":{"self":[{"href":"https:\/\/colorim.com\/web\/index.php?rest_route=\/wp\/v2\/pages\/491","targetHints":{"allow":["GET"]}}],"collection":[{"href":"https:\/\/colorim.com\/web\/index.php?rest_route=\/wp\/v2\/pages"}],"about":[{"href":"https:\/\/colorim.com\/web\/index.php?rest_route=\/wp\/v2\/types\/page"}],"author":[{"embeddable":true,"href":"https:\/\/colorim.com\/web\/index.php?rest_route=\/wp\/v2\/users\/1"}],"replies":[{"embeddable":true,"href":"https:\/\/colorim.com\/web\/index.php?rest_route=%2Fwp%2Fv2%2Fcomments&post=491"}],"version-history":[{"count":4,"href":"https:\/\/colorim.com\/web\/index.php?rest_route=\/wp\/v2\/pages\/491\/revisions"}],"predecessor-version":[{"id":497,"href":"https:\/\/colorim.com\/web\/index.php?rest_route=\/wp\/v2\/pages\/491\/revisions\/497"}],"wp:attachment":[{"href":"https:\/\/colorim.com\/web\/index.php?rest_route=%2Fwp%2Fv2%2Fmedia&parent=491"}],"curies":[{"name":"wp","href":"https:\/\/api.w.org\/{rel}","templated":true}]}}